{"id":885,"date":"2019-09-03T14:30:29","date_gmt":"2019-09-03T13:30:29","guid":{"rendered":"https:\/\/caes.chimie-paristech.fr\/?page_id=885"},"modified":"2019-09-03T14:49:26","modified_gmt":"2019-09-03T13:49:26","slug":"rapports-dactivites-annuels","status":"publish","type":"page","link":"https:\/\/caes.chimieparistech.psl.eu\/?page_id=885","title":{"rendered":"Rapports d&rsquo;activit\u00e9s annuels"},"content":{"rendered":"\n<p>Voici nos rapports d&rsquo;activit\u00e9 annuels \u00e9dit\u00e9s pour les Assembl\u00e9es G\u00e9n\u00e9rales annnuelles de l&rsquo;association. Les rapports financiers sont disponibles sur demande.<\/p>\n\n\n\n<p><a href=\"https:\/\/caes.chimie-paristech.fr\/wp-content\/uploads\/2019\/09\/RA-CAES-2015.pdf\">Rapport d&rsquo;activit\u00e9 2015<\/a><\/p>\n\n\n\n<p><a rel=\"noreferrer noopener\" aria-label=\"Rapport d'activit\u00e9 2016 (s\u2019ouvre dans un nouvel onglet)\" href=\"https:\/\/caes.chimie-paristech.fr\/wp-content\/uploads\/2019\/09\/Rapport-dactivite-CAES-2016-2.pdf\" target=\"_blank\">Rapport d&rsquo;activit\u00e9 2016<\/a><\/p>\n\n\n\n<p><a href=\"https:\/\/caes.chimie-paristech.fr\/wp-content\/uploads\/2019\/09\/Rapport-dactivite-CAES-2017.pdf\">Rapport d&rsquo;activit\u00e9 2017<\/a><\/p>\n\n\n\n<p><a href=\"https:\/\/caes.chimie-paristech.fr\/wp-content\/uploads\/2019\/09\/Rapport-dactivite-CAES-2018.pdf\">Rapport d&rsquo;activit\u00e9 2018<\/a><\/p>\n\n\n\n<p><\/p>\n","protected":false},"excerpt":{"rendered":"<p>Voici nos rapports d&rsquo;activit\u00e9 annuels \u00e9dit\u00e9s pour les Assembl\u00e9es G\u00e9n\u00e9rales annnuelles de l&rsquo;association. Les rapports financiers sont disponibles sur demande. Rapport d&rsquo;activit\u00e9 2015 Rapport d&rsquo;activit\u00e9 2016 Rapport d&rsquo;activit\u00e9 2017 Rapport d&rsquo;activit\u00e9 2018<\/p>\n","protected":false},"author":1,"featured_media":0,"parent":0,"menu_order":0,"comment_status":"closed","ping_status":"closed","template":"","meta":{"footnotes":""},"class_list":["post-885","page","type-page","status-publish","hentry"],"_links":{"self":[{"href":"https:\/\/caes.chimieparistech.psl.eu\/index.php?rest_route=\/wp\/v2\/pages\/885","targetHints":{"allow":["GET"]}}],"collection":[{"href":"https:\/\/caes.chimieparistech.psl.eu\/index.php?rest_route=\/wp\/v2\/pages"}],"about":[{"href":"https:\/\/caes.chimieparistech.psl.eu\/index.php?rest_route=\/wp\/v2\/types\/page"}],"author":[{"embeddable":true,"href":"https:\/\/caes.chimieparistech.psl.eu\/index.php?rest_route=\/wp\/v2\/users\/1"}],"replies":[{"embeddable":true,"href":"https:\/\/caes.chimieparistech.psl.eu\/index.php?rest_route=%2Fwp%2Fv2%2Fcomments&post=885"}],"version-history":[{"count":6,"href":"https:\/\/caes.chimieparistech.psl.eu\/index.php?rest_route=\/wp\/v2\/pages\/885\/revisions"}],"predecessor-version":[{"id":893,"href":"https:\/\/caes.chimieparistech.psl.eu\/index.php?rest_route=\/wp\/v2\/pages\/885\/revisions\/893"}],"wp:attachment":[{"href":"https:\/\/caes.chimieparistech.psl.eu\/index.php?rest_route=%2Fwp%2Fv2%2Fmedia&parent=885"}],"curies":[{"name":"wp","href":"https:\/\/api.w.org\/{rel}","templated":true}]}}