{"id":88,"date":"2014-05-12T20:51:07","date_gmt":"2014-05-12T19:51:07","guid":{"rendered":"https:\/\/caes.chimie-paristech.fr\/?page_id=88"},"modified":"2019-08-30T17:47:50","modified_gmt":"2019-08-30T16:47:50","slug":"statuts","status":"publish","type":"page","link":"https:\/\/caes.chimieparistech.psl.eu\/?page_id=88","title":{"rendered":"STATUTS"},"content":{"rendered":"<p style=\"text-align: center;\"><strong>COMITE D\u2019ACTION ET D\u2019ENTRAIDE SOCIALES DE L\u2019ECOLE NATIONALE SUPERIEURE DE CHIMIE DE PARIS<\/strong><\/p>\n<p style=\"text-align: center;\"><strong>\u00a0<\/strong><\/p>\n<p style=\"text-align: center;\"><strong>STATUTS<\/strong><\/p>\n<p style=\"text-align: center;\"><strong>Vot\u00e9s en assembl\u00e9e g\u00e9n\u00e9rale extraordinaire le 13 d\u00e9cembre 2016<\/strong><\/p>\n<p style=\"text-align: center;\"><strong>Modifi\u00e9s en assembl\u00e9e g\u00e9n\u00e9rale extraordinaire le 22 juillet 2019<\/strong><\/p>\n<p style=\"text-align: center;\"><strong>\u00a0<\/strong><\/p>\n<p><strong>\u00a0<\/strong><\/p>\n<p><strong>TITRE I. Constitution \u2013 Objet \u2013 D\u00e9nomination \u2013 Si\u00e8ge social \u2013 Dur\u00e9e<\/strong><\/p>\n<p><strong>Article 1 : <\/strong>Entre les agents de l\u2019ENSCP remplissant les conditions fix\u00e9es ci-apr\u00e8s aux articles 6 et 7, il est cr\u00e9\u00e9 une association r\u00e9gie par la loi du 1<sup>er<\/sup> juillet 1901 et par les pr\u00e9sents statuts.<\/p>\n<p><strong>Article 2 : <\/strong>Cette association a pour objet de promouvoir, \u00e9tudier, organiser, r\u00e9aliser et aider, au sein de l\u2019ENSCP, toute \u0153uvre, tout projet et toute activit\u00e9 \u00e0 caract\u00e8re social, culturel et sportif.<\/p>\n<p>Elle pourra, sur d\u00e9cision du bureau, passer des contrats d\u2019association avec d\u2019autres organismes \u00e0 vocation sociale.<\/p>\n<p><strong>Article 3 : <\/strong>L\u2019association prend le nom de \u00ab\u00a0<strong>C<\/strong>omit\u00e9 d\u2019<strong>A<\/strong>ction et d\u2019<strong>E<\/strong>ntraide <strong>S<\/strong>ociale<strong>s<\/strong> de l\u2019<strong>\u00c9<\/strong>cole <strong>N<\/strong>ationale <strong>S<\/strong>up\u00e9rieure de <strong>C<\/strong>himie de <strong>P<\/strong>aris\u00a0\u00bb (C.A.E.S. de l\u2019ENSCP).<\/p>\n<p><strong>Article 4\u00a0:<\/strong> Son si\u00e8ge social est fix\u00e9 \u00e0 l\u2019ENSCP, 11 rue Pierre et Marie Curie, 75005 PARIS.<\/p>\n<p>Il peut, sur simple d\u00e9cision du bureau, \u00eatre transf\u00e9r\u00e9 dans tout autre endroit.<\/p>\n<p><strong>Article 5\u00a0:<\/strong> La dur\u00e9e de l\u2019association est illimit\u00e9e, \u00e0 dater du jour de sa constitution d\u00e9finitive, sauf dissolution.<\/p>\n<p><strong>TITRE II. Composition \u2013 Membres<\/strong><\/p>\n<p><strong>Article 6\u00a0:\u00a0<\/strong>L\u2019association se compose de membres soci\u00e9taires \u00e0 tarif A, de membres soci\u00e9taires \u00e0 tarif B, et de membres bienfaiteurs.<\/p>\n<ul>\n<li>Les agents titulaires ou contractuels avec un contrat d\u2019une dur\u00e9e de 6 mois minimum, employ\u00e9s et r\u00e9mun\u00e9r\u00e9s par l\u2019ENSCP, sont membres soci\u00e9taires du CAES \u00e0 tarif A.<\/li>\n<li>Les agents titulaires ou contractuels travaillant dans l\u2019enceinte de l\u2019ENSCP avec un contrat d\u2019une dur\u00e9e de 6 mois minimum, mais non employ\u00e9s ni r\u00e9mun\u00e9r\u00e9s par l\u2019ENSCP, sont membres soci\u00e9taires \u00e0 tarif B.<\/li>\n<li>Toute personne physique ou morale et d\u00e9sireuse de participer \u00e0 l\u2019action de l\u2019association par une contribution personnelle ou financi\u00e8re est membre bienfaiteur.<\/li>\n<\/ul>\n<p>La qualit\u00e9 de membre bienfaiteur est soumise, sur proposition du pr\u00e9sident, \u00e0 l\u2019agr\u00e9ment du bureau qui en fixe la dur\u00e9e.<\/p>\n<p><strong>Article <\/strong><strong>7<\/strong><strong> : <\/strong>Perdent la qualit\u00e9 de membre :<\/p>\n<ol>\n<li>ceux qui ne r\u00e9pondent plus aux crit\u00e8res de l\u2019article 6,<\/li>\n<li>ceux qui ont donn\u00e9 leur d\u00e9mission par \u00e9crit au pr\u00e9sident,<\/li>\n<li>ceux pour lesquels le bureau, apr\u00e8s les avoir entendus, a prononc\u00e9 la radiation pour motifs graves.<\/li>\n<\/ol>\n<p>La perte de la qualit\u00e9 de membre de l\u2019association entraine la perte des droits aux avantages r\u00e9serv\u00e9s aux membres de l\u2019association.<\/p>\n<p><strong>TITRE III. Administration \u2013 Bureau \u2013 Commissions<\/strong><\/p>\n<p><strong>Article 8 : <\/strong>Le C.A.E.S. est administr\u00e9 par un bureau compos\u00e9 au minimum de 3 et au maximum de 6 membres \u00e9lus par l\u2019assembl\u00e9e g\u00e9n\u00e9rale.<\/p>\n<p><strong>Article 9 : <\/strong>Le mandat des membres du bureau est fix\u00e9 \u00e0 2 ans, renouvelable.<\/p>\n<p>Est \u00e9ligible au bureau tout \u00e9lecteur membre soci\u00e9taire depuis au moins 6 mois au jour de l\u2019\u00e9lection.<\/p>\n<p><strong>Article 10 : <\/strong>La qualit\u00e9 de membre du bureau se perd sans d\u00e9lai par :<\/p>\n<ol>\n<li>la perte de la qualit\u00e9 de membre soci\u00e9taire de l\u2019association,<\/li>\n<li>la d\u00e9mission adress\u00e9e par \u00e9crit au pr\u00e9sident,<\/li>\n<\/ol>\n<p>En cas de vacance, le bureau pourvoit provisoirement au remplacement des membres d\u00e9faillants. Leur remplacement d\u00e9finitif sera effectu\u00e9 lors de la prochaine assembl\u00e9e g\u00e9n\u00e9rale ordinaire.<\/p>\n<p><strong>Article 11 : <\/strong>Le bureau est obligatoirement compos\u00e9 de :<\/p>\n<ul>\n<li>un pr\u00e9sident,<\/li>\n<li>un tr\u00e9sorier,<\/li>\n<li>un secr\u00e9taire.<\/li>\n<\/ul>\n<p>Et \u00e9ventuellement un \u00e0 trois adjoints en appui aux trois membres ci-dessus.<\/p>\n<p><strong>Article 12<\/strong> <strong>: <\/strong>Les membres de l\u2019association ne peuvent recevoir aucune r\u00e9tribution en raison des fonctions qui leur sont confi\u00e9es. Seuls les remboursements de frais de d\u00e9placement ou de repr\u00e9sentation des membres du bureau, ou de toute autre personne missionn\u00e9e par lui, seront possibles le cas \u00e9ch\u00e9ant, sur pr\u00e9sentation de justificatifs ou de factures.<\/p>\n<p><strong>Article 13 <\/strong>: Le bureau se r\u00e9unit autant de fois que n\u00e9cessaire.<\/p>\n<p>Il ne peut d\u00e9lib\u00e9rer valablement que si trois de ses membres sont pr\u00e9sents.<\/p>\n<p>Nul ne peut se faire repr\u00e9senter au sein du bureau.<\/p>\n<p>Les d\u00e9cisions sont prises \u00e0 la majorit\u00e9\u00a0des voix. En cas de partage, le pr\u00e9sident a voix pr\u00e9pond\u00e9rante.<\/p>\n<p>Il est \u00e9tabli un proc\u00e8s-verbal des r\u00e9unions du bureau, sign\u00e9 par le pr\u00e9sident et le secr\u00e9taire.<\/p>\n<p><strong>Article 14 : <\/strong>Le bureau est investi des pouvoirs les plus \u00e9tendus pour l\u2019administration et la gestion de l\u2019association. Il d\u00e9cide les orientations de l\u2019action du C.A.E.S.<\/p>\n<p>Il vote le budget annuel de l\u2019ann\u00e9e n+1 au cours du second semestre de l\u2019ann\u00e9e n.<\/p>\n<p>Il peut \u00e9tablir un r\u00e8glement int\u00e9rieur fixant les modalit\u00e9s d\u2019application et de mise en \u0153uvre des pr\u00e9sents statuts qui sera approuv\u00e9 par l&rsquo;assembl\u00e9e g\u00e9n\u00e9rale.<\/p>\n<p>Le pr\u00e9sident repr\u00e9sente l\u2019association en justice et dans tous les actes de la vie civile. Il pr\u00e9side le bureau et l\u2019assembl\u00e9e g\u00e9n\u00e9rale. Il est ordonnateur des recettes et des d\u00e9penses.<\/p>\n<p>Le tr\u00e9sorier assure la gestion financi\u00e8re et la comptabilit\u00e9 de l\u2019association.<\/p>\n<p>Le secr\u00e9taire est charg\u00e9 du fonctionnement administratif de l\u2019association.<\/p>\n<p><strong>Article 15 <\/strong>: Le bureau peut faire appel \u00e0 toute personne membre ou non de l\u2019association dont les avis ou le concours lui paraissent utiles.<\/p>\n<p>Il peut se faire seconder par des commissions dont il d\u00e9signe les membres et d\u00e9finit les attributions. Les commissions sont pr\u00e9sid\u00e9es par un membre du bureau.<\/p>\n<p><strong>TITRE IV. Assembl\u00e9es G\u00e9n\u00e9rales<\/strong><\/p>\n<p><strong>Article 16 : <\/strong>L\u2019assembl\u00e9e g\u00e9n\u00e9rale comprend tous les membres soci\u00e9taires pr\u00e9sents et repr\u00e9sent\u00e9s par mandat.<\/p>\n<p>L\u2019assembl\u00e9e g\u00e9n\u00e9rale ordinaire se r\u00e9unit dans un d\u00e9lai de six mois suivant la cl\u00f4ture de l\u2019exercice pour\u00a0:<\/p>\n<ul>\n<li>entendre le rapport moral expos\u00e9 par le pr\u00e9sident,<\/li>\n<li>entendre et approuver le rapport financier expos\u00e9 par le tr\u00e9sorier,<\/li>\n<li>proc\u00e9der au renouvellement des membres du bureau,<\/li>\n<li>examiner l\u2019ordre du jour.<\/li>\n<\/ul>\n<p>Les convocations et l&rsquo;ordre du jour \u00e9tabli par le bureau sont adress\u00e9s aux membres soci\u00e9taires par le secr\u00e9taire quinze jours au moins avant la date fix\u00e9e pour l\u2019assembl\u00e9e g\u00e9n\u00e9rale.<\/p>\n<p>Tout membre peut soumettre une question \u00e0 l\u2019ordre du jour par demande \u00e9crite au secr\u00e9taire au moins 48 heures avant la tenue de l\u2019assembl\u00e9e g\u00e9n\u00e9rale.<\/p>\n<p>Le pr\u00e9sident pr\u00e9side l\u2019assembl\u00e9e g\u00e9n\u00e9rale assist\u00e9 d\u2019un secr\u00e9taire de s\u00e9ance et deux assesseurs nomm\u00e9s par l\u2019assembl\u00e9e.<\/p>\n<p><strong>Article 17 <\/strong>: Tout membre de l\u2019association peut se faire repr\u00e9senter par un autre membre muni d\u2019un pouvoir sp\u00e9cial, chaque membre ne pouvant d\u00e9tenir plus d\u2019un pouvoir.<\/p>\n<p><strong>Article 18 <\/strong>: L\u2019assembl\u00e9e g\u00e9n\u00e9rale d\u00e9lib\u00e8re valablement quel que soit le nombre des membres pr\u00e9sents ou repr\u00e9sent\u00e9s.<\/p>\n<p>Les r\u00e9solutions soumises aux votes, sont prises \u00e0 la majorit\u00e9 absolue des voix ; en cas de partage, le pr\u00e9sident a voix pr\u00e9pond\u00e9rante.<\/p>\n<p>Les votes des r\u00e9solutions se font \u00e0 main lev\u00e9e.<\/p>\n<p>\u00c0 la demande du quart au moins des membres pr\u00e9sents, les votes peuvent se faire \u00e0 bulletin secret.<\/p>\n<p><strong>Article 19 : <\/strong>Si besoin est, ou \u00e0 la demande d\u2019un tiers (1\/3) au moins des membres soci\u00e9taires, le pr\u00e9sident peut convoquer une assembl\u00e9e g\u00e9n\u00e9rale extraordinaire, selon un ordre du jour pr\u00e9cis transmis 15 jours au moins avant la date fix\u00e9e.<\/p>\n<p>L\u2019assembl\u00e9e g\u00e9n\u00e9rale extraordinaire ne peut d\u00e9lib\u00e9rer valablement que si 1\/3 au moins de ses membres est pr\u00e9sent ou repr\u00e9sent\u00e9.<\/p>\n<p>Si cette proportion n\u2019est pas atteinte, l\u2019assembl\u00e9e est convoqu\u00e9e de nouveau, \u00e0 6 jours d\u2019intervalle\u00a0au moins et avant la fin de l\u2019ann\u00e9e en cours; elle peut alors d\u00e9lib\u00e9rer valablement, quel qjue soit le nombre de membres pr\u00e9sents ou repr\u00e9sent\u00e9s.<\/p>\n<p>Dans tous les cas les d\u00e9cisions ne peuvent \u00eatre valid\u00e9es qu\u2019\u00e0 la majorit\u00e9 des 2\/3 des membres pr\u00e9sents ou repr\u00e9sent\u00e9s.<\/p>\n<p><strong>Article 20\u00a0:<\/strong> Il est \u00e9tabli un proc\u00e8s-verbal des assembl\u00e9es sign\u00e9 par le pr\u00e9sident et le secr\u00e9taire de s\u00e9ance.<\/p>\n<p><strong>TITRE V. Ressources \u2013 Comptes \u2013 Contr\u00f4les<\/strong><\/p>\n<p><strong>Article 21 : <\/strong>Les ressources de l\u2019association proviennent :<\/p>\n<ol>\n<li>de diverses subventions publiques notamment celle vers\u00e9e par l\u2019ENSCP,<\/li>\n<li>de dons manuels ou contributions volontaires,<\/li>\n<li>de toutes recettes autoris\u00e9es par la loi,<\/li>\n<li>de la participation des membres aux co\u00fbts des activit\u00e9s,<\/li>\n<li>de produits des f\u00eates, s\u00e9ances organis\u00e9es par le C.A.E.S.,<\/li>\n<li>des int\u00e9r\u00eats, des revenus des biens et valeurs qu\u2019elle poss\u00e8de.<\/li>\n<\/ol>\n<p>Elles seront d\u00e9pos\u00e9es au nom de l\u2019association dans un \u00e9tablissement bancaire.<\/p>\n<p><strong>Article 22 : <\/strong>Toutes les d\u00e9penses autres que les d\u00e9penses de fonctionnement et de frais g\u00e9n\u00e9raux, doivent \u00eatre autoris\u00e9es par le bureau. Si une d\u00e9pense a d\u00fb \u00eatre faite en cas d\u2019urgence, elle doit \u00eatre ratifi\u00e9e lors de la r\u00e9union suivante du bureau.<\/p>\n<p><strong>Article 23 <\/strong>: Si n\u00e9cessaire, le bureau peut d\u00e9signer une ou deux personne(s), membres ou non de l\u2019association, ext\u00e9rieures au bureau, afin d\u2019examiner les comptes et de s\u2019assurer de la bonne gestion de l\u2019association.<\/p>\n<p><strong>\u00a0<\/strong><\/p>\n<p><strong>Article 24 : <\/strong>L\u2019exercice financier commence le 1<sup>er<\/sup> janvier et se termine le 31 d\u00e9cembre de chaque ann\u00e9e. Les comptes annuels sont \u00e9tablis sous la responsabilit\u00e9 du tr\u00e9sorier et le contr\u00f4le du bureau.<\/p>\n<p><strong>TITRE VI. Modification des statuts \u2013 Dissolution<\/strong><\/p>\n<p><strong>Article 25 : <\/strong>Pour toute modification \u00e0 apporter aux statuts, une assembl\u00e9e g\u00e9n\u00e9rale extraordinaire doit \u00eatre convoqu\u00e9e.<\/p>\n<p>Elle d\u00e9lib\u00e8re selon les conditions de quorum et de majorit\u00e9 pr\u00e9vues \u00e0 l\u2019article 19.<\/p>\n<p>Les modifications sont propos\u00e9es par le bureau ou par le dixi\u00e8me des membres soci\u00e9taires, au moins deux semaines avant la tenue de l\u2019assembl\u00e9e g\u00e9n\u00e9rale extraordinaire.<\/p>\n<p><strong>Article 26 : <\/strong>La dissolution de l\u2019association ne peut \u00eatre vot\u00e9e que par une assembl\u00e9e g\u00e9n\u00e9rale extraordinaire d\u00e9lib\u00e9rant selon les conditions de quorum et de majorit\u00e9 pr\u00e9vues \u00e0 l\u2019article 19.<\/p>\n<p><strong>Article 27 : <\/strong>L\u2019assembl\u00e9e g\u00e9n\u00e9rale extraordinaire qui aura prononc\u00e9 la dissolution, prendra sa d\u00e9cision sur les propositions de l\u2019attribution de l\u2019actif faites par le bureau. Cette attribution ne pourra avoir lieu qu\u2019au profit d\u2019une ou plusieurs associations d&rsquo;objet social similaire, ou \u00e0 d\u00e9faut au profit des organismes bienfaiteurs\u00a0: l\u2019ENSCP notamment.<\/p>\n<p>La pr\u00e9sidente du CAES de l\u2019ENSCP, Odile Maj\u00e9rus<\/p>\n<p>Le secr\u00e9taire du CAES de l\u2019ENSCP, Ali Eskandari<\/p>\n","protected":false},"excerpt":{"rendered":"<p>COMITE D\u2019ACTION ET D\u2019ENTRAIDE SOCIALES DE L\u2019ECOLE NATIONALE SUPERIEURE DE CHIMIE DE PARIS \u00a0 STATUTS Vot\u00e9s en assembl\u00e9e g\u00e9n\u00e9rale extraordinaire le 13 d\u00e9cembre 2016 Modifi\u00e9s en assembl\u00e9e g\u00e9n\u00e9rale extraordinaire le 22 juillet 2019 \u00a0 \u00a0 TITRE I. Constitution \u2013 Objet \u2013 D\u00e9nomination \u2013 Si\u00e8ge social \u2013 Dur\u00e9e Article 1 : Entre les agents de l\u2019ENSCP\u2026 <span class=\"read-more\"><a href=\"https:\/\/caes.chimieparistech.psl.eu\/?page_id=88\">Read More &raquo;<\/a><\/span><\/p>\n","protected":false},"author":1,"featured_media":0,"parent":80,"menu_order":1,"comment_status":"closed","ping_status":"closed","template":"","meta":{"footnotes":""},"class_list":["post-88","page","type-page","status-publish","hentry"],"_links":{"self":[{"href":"https:\/\/caes.chimieparistech.psl.eu\/index.php?rest_route=\/wp\/v2\/pages\/88","targetHints":{"allow":["GET"]}}],"collection":[{"href":"https:\/\/caes.chimieparistech.psl.eu\/index.php?rest_route=\/wp\/v2\/pages"}],"about":[{"href":"https:\/\/caes.chimieparistech.psl.eu\/index.php?rest_route=\/wp\/v2\/types\/page"}],"author":[{"embeddable":true,"href":"https:\/\/caes.chimieparistech.psl.eu\/index.php?rest_route=\/wp\/v2\/users\/1"}],"replies":[{"embeddable":true,"href":"https:\/\/caes.chimieparistech.psl.eu\/index.php?rest_route=%2Fwp%2Fv2%2Fcomments&post=88"}],"version-history":[{"count":19,"href":"https:\/\/caes.chimieparistech.psl.eu\/index.php?rest_route=\/wp\/v2\/pages\/88\/revisions"}],"predecessor-version":[{"id":866,"href":"https:\/\/caes.chimieparistech.psl.eu\/index.php?rest_route=\/wp\/v2\/pages\/88\/revisions\/866"}],"up":[{"embeddable":true,"href":"https:\/\/caes.chimieparistech.psl.eu\/index.php?rest_route=\/wp\/v2\/pages\/80"}],"wp:attachment":[{"href":"https:\/\/caes.chimieparistech.psl.eu\/index.php?rest_route=%2Fwp%2Fv2%2Fmedia&parent=88"}],"curies":[{"name":"wp","href":"https:\/\/api.w.org\/{rel}","templated":true}]}}