{"id":80,"date":"2014-05-12T20:30:10","date_gmt":"2014-05-12T19:30:10","guid":{"rendered":"https:\/\/caes.chimie-paristech.fr\/?page_id=80"},"modified":"2019-08-30T18:09:28","modified_gmt":"2019-08-30T17:09:28","slug":"organisation","status":"publish","type":"page","link":"https:\/\/caes.chimieparistech.psl.eu\/?page_id=80","title":{"rendered":"Pr\u00e9sentation"},"content":{"rendered":"<p><br>\n<br>\n<!--StartFragment--><\/p>\n\n\n<p><strong>Bienvenue <\/strong>\u00e0 tous les personnels de Chimie Paristech !!!<\/p>\n\n\n\n<p>Le CAES de Chimie Paristech est votre <strong>Comit\u00e9 d&rsquo;Action et d&rsquo;Entraide Sociale.<\/strong> Il propose \u00e0 toutes les personnes travaillant \u00e0 Chimie Paristech plus de 6 mois des tarifs pr\u00e9f\u00e9rentiels sur les <strong>billets de cin\u00e9ma, ch\u00e8ques-culture et ch\u00e8ques cadeaux BEST.<\/strong> Consultez nos pages <a href=\"https:\/\/caes.chimie-paristech.fr\/?page_id=155\">Cin\u00e9ma<\/a> et <a href=\"https:\/\/caes.chimie-paristech.fr\/?page_id=40\">Ch\u00e8ques culture et BEST<\/a> pour connaitre ces tarifs. <\/p>\n\n\n\n<p>Le CAES propose aussi, aux personnels r\u00e9mun\u00e9r\u00e9s par l&rsquo;ENSCP, un <strong>forfait de 40 \u20ac<\/strong> pour toute adh\u00e9sion annuelle \u00e0 une activit\u00e9 de sport ou de loisir. Il suffit pour cela de venir \u00e0 une de nos permanences avec votre facture d&rsquo;adh\u00e9sion.<\/p>\n\n\n\n<p>Nous proposons r\u00e9guli\u00e8rement des commandes group\u00e9es de <strong>billets Promoparcs<\/strong>. Les personnels r\u00e9mun\u00e9r\u00e9s par l&rsquo;ENSCP b\u00e9n\u00e9ficient d&rsquo;une subvention de 20% sur les tarifs Promoparcs tandis que les personnels non r\u00e9mun\u00e9r\u00e9s par l&rsquo;ENSCP peuvent commander les billets aux tarifs pr\u00e9f\u00e9rentiels Promoparcs.<\/p>\n\n\n\n<p>Enfin le CAES peut octroyer des <strong>pr\u00eats solidaires<\/strong> de courte dur\u00e9e (aux personnels r\u00e9mun\u00e9r\u00e9s par l&rsquo;ENSCP uniquement), et tous les ans en d\u00e9cembre il organise l&rsquo;<strong>Arbre de No\u00ebl<\/strong>, un apr\u00e8s-midi festif et familial ouvert \u00e0 tous les personnels confondus.<\/p>\n\n\n\n<p>L&rsquo;Equipe du CAES<\/p>\n\n\n\n<p>Didier, S\u00e9bastiana, Ali et Odile (Bureau)<\/p>\n\n\n\n<p>Jean-Fran\u00e7ois, Sylvie et Aur\u00e9lie (Membres actifs)<\/p>\n\n\n\n<p>Voir ici : <a href=\"https:\/\/caes.chimie-paristech.fr\/?page_id=88\">NOS STATUTS<\/a><\/p>\n\n\n\n<p>Voir ici : LES <a href=\"https:\/\/caes.chimie-paristech.fr\/?page_id=236\">MEMBRES DU BUREAU<\/a><\/p>\n\n\n<p><!--EndFragment--><br>\n<br>\n<\/p>","protected":false},"excerpt":{"rendered":"<p>Bienvenue \u00e0 tous les personnels de Chimie Paristech !!! Le CAES de Chimie Paristech est votre Comit\u00e9 d&rsquo;Action et d&rsquo;Entraide Sociale. Il propose \u00e0 toutes les personnes travaillant \u00e0 Chimie Paristech plus de 6 mois des tarifs pr\u00e9f\u00e9rentiels sur les billets de cin\u00e9ma, ch\u00e8ques-culture et ch\u00e8ques cadeaux BEST. Consultez nos pages Cin\u00e9ma et Ch\u00e8ques culture\u2026 <span class=\"read-more\"><a href=\"https:\/\/caes.chimieparistech.psl.eu\/?page_id=80\">Read More &raquo;<\/a><\/span><\/p>\n","protected":false},"author":1,"featured_media":0,"parent":0,"menu_order":0,"comment_status":"closed","ping_status":"closed","template":"page-templates\/full-width.php","meta":{"footnotes":""},"class_list":["post-80","page","type-page","status-publish","hentry"],"_links":{"self":[{"href":"https:\/\/caes.chimieparistech.psl.eu\/index.php?rest_route=\/wp\/v2\/pages\/80","targetHints":{"allow":["GET"]}}],"collection":[{"href":"https:\/\/caes.chimieparistech.psl.eu\/index.php?rest_route=\/wp\/v2\/pages"}],"about":[{"href":"https:\/\/caes.chimieparistech.psl.eu\/index.php?rest_route=\/wp\/v2\/types\/page"}],"author":[{"embeddable":true,"href":"https:\/\/caes.chimieparistech.psl.eu\/index.php?rest_route=\/wp\/v2\/users\/1"}],"replies":[{"embeddable":true,"href":"https:\/\/caes.chimieparistech.psl.eu\/index.php?rest_route=%2Fwp%2Fv2%2Fcomments&post=80"}],"version-history":[{"count":4,"href":"https:\/\/caes.chimieparistech.psl.eu\/index.php?rest_route=\/wp\/v2\/pages\/80\/revisions"}],"predecessor-version":[{"id":877,"href":"https:\/\/caes.chimieparistech.psl.eu\/index.php?rest_route=\/wp\/v2\/pages\/80\/revisions\/877"}],"wp:attachment":[{"href":"https:\/\/caes.chimieparistech.psl.eu\/index.php?rest_route=%2Fwp%2Fv2%2Fmedia&parent=80"}],"curies":[{"name":"wp","href":"https:\/\/api.w.org\/{rel}","templated":true}]}}