{"id":557,"date":"2014-10-24T11:00:42","date_gmt":"2014-10-24T10:00:42","guid":{"rendered":"https:\/\/caes.chimie-paristech.fr\/?page_id=557"},"modified":"2018-09-21T15:18:31","modified_gmt":"2018-09-21T14:18:31","slug":"solidarite","status":"publish","type":"page","link":"https:\/\/caes.chimieparistech.psl.eu\/?page_id=557","title":{"rendered":"Solidarit\u00e9"},"content":{"rendered":"<p>En cas de difficult\u00e9s mat\u00e9rielles\u00a0passag\u00e8res, les agents ENSCP peuvent solliciter une aide financi\u00e8re aupr\u00e8s du CAES.<\/p>\n<p>Pour toute information, \u00e9crivez \u00e0 <strong>caes@chimieparistech.psl.eu<\/strong><\/p>\n","protected":false},"excerpt":{"rendered":"<p>En cas de difficult\u00e9s mat\u00e9rielles\u00a0passag\u00e8res, les agents ENSCP peuvent solliciter une aide financi\u00e8re aupr\u00e8s du CAES. Pour toute information, \u00e9crivez \u00e0 caes@chimieparistech.psl.eu<\/p>\n","protected":false},"author":1,"featured_media":0,"parent":0,"menu_order":0,"comment_status":"closed","ping_status":"closed","template":"","meta":{"footnotes":""},"class_list":["post-557","page","type-page","status-publish","hentry"],"_links":{"self":[{"href":"https:\/\/caes.chimieparistech.psl.eu\/index.php?rest_route=\/wp\/v2\/pages\/557","targetHints":{"allow":["GET"]}}],"collection":[{"href":"https:\/\/caes.chimieparistech.psl.eu\/index.php?rest_route=\/wp\/v2\/pages"}],"about":[{"href":"https:\/\/caes.chimieparistech.psl.eu\/index.php?rest_route=\/wp\/v2\/types\/page"}],"author":[{"embeddable":true,"href":"https:\/\/caes.chimieparistech.psl.eu\/index.php?rest_route=\/wp\/v2\/users\/1"}],"replies":[{"embeddable":true,"href":"https:\/\/caes.chimieparistech.psl.eu\/index.php?rest_route=%2Fwp%2Fv2%2Fcomments&post=557"}],"version-history":[{"count":7,"href":"https:\/\/caes.chimieparistech.psl.eu\/index.php?rest_route=\/wp\/v2\/pages\/557\/revisions"}],"predecessor-version":[{"id":833,"href":"https:\/\/caes.chimieparistech.psl.eu\/index.php?rest_route=\/wp\/v2\/pages\/557\/revisions\/833"}],"wp:attachment":[{"href":"https:\/\/caes.chimieparistech.psl.eu\/index.php?rest_route=%2Fwp%2Fv2%2Fmedia&parent=557"}],"curies":[{"name":"wp","href":"https:\/\/api.w.org\/{rel}","templated":true}]}}