{"id":414,"date":"2014-06-26T14:10:57","date_gmt":"2014-06-26T13:10:57","guid":{"rendered":"https:\/\/caes.chimie-paristech.fr\/?page_id=414"},"modified":"2015-04-13T14:00:33","modified_gmt":"2015-04-13T13:00:33","slug":"billeterie-aquaboulevard","status":"publish","type":"page","link":"https:\/\/caes.chimieparistech.psl.eu\/?page_id=414","title":{"rendered":"Billetterie AquaBoulevard"},"content":{"rendered":"<p><a href=\"https:\/\/caes.chimie-paristech.fr\/wp-content\/uploads\/2014\/06\/aqb-e1403787632394.png\"><img loading=\"lazy\" decoding=\"async\" class=\"alignleft wp-image-415 \" src=\"https:\/\/caes.chimie-paristech.fr\/wp-content\/uploads\/2014\/06\/aqb-e1403787632394.png\" alt=\"aqb\" width=\"489\" height=\"110\" \/><\/a><\/p>\n<p>&nbsp;<\/p>\n<p>&nbsp;<\/p>\n<p>&nbsp;<\/p>\n<p>&nbsp;<\/p>\n<p>(1) applicable au\u00a0personnel non r\u00e9mun\u00e9r\u00e9 par l&rsquo;ENSCP (CNRS&#8230;)<\/p>\n<p>(2)\u00a0<span style=\"color: #000000;\">applicable aux membres du CAES<\/span><\/p>\n<p><a href=\"https:\/\/caes.chimie-paristech.fr\/wp-content\/uploads\/2014\/06\/Descriptif-Aquaboulevard.pdf\" target=\"_blank\">Descriptif Aquaboulevard<\/a><\/p>\n<p><a href=\"https:\/\/caes.chimie-paristech.fr\/wp-content\/uploads\/2014\/06\/Visuels-Aquaboulevard.pdf\" target=\"_blank\">Visuels Aquaboulevard<\/a><\/p>\n","protected":false},"excerpt":{"rendered":"<p>&nbsp; &nbsp; &nbsp; &nbsp; (1) applicable au\u00a0personnel non r\u00e9mun\u00e9r\u00e9 par l&rsquo;ENSCP (CNRS&#8230;) (2)\u00a0applicable aux membres du CAES Descriptif Aquaboulevard Visuels Aquaboulevard<\/p>\n","protected":false},"author":1,"featured_media":0,"parent":113,"menu_order":0,"comment_status":"closed","ping_status":"closed","template":"","meta":{"footnotes":""},"class_list":["post-414","page","type-page","status-publish","hentry"],"_links":{"self":[{"href":"https:\/\/caes.chimieparistech.psl.eu\/index.php?rest_route=\/wp\/v2\/pages\/414","targetHints":{"allow":["GET"]}}],"collection":[{"href":"https:\/\/caes.chimieparistech.psl.eu\/index.php?rest_route=\/wp\/v2\/pages"}],"about":[{"href":"https:\/\/caes.chimieparistech.psl.eu\/index.php?rest_route=\/wp\/v2\/types\/page"}],"author":[{"embeddable":true,"href":"https:\/\/caes.chimieparistech.psl.eu\/index.php?rest_route=\/wp\/v2\/users\/1"}],"replies":[{"embeddable":true,"href":"https:\/\/caes.chimieparistech.psl.eu\/index.php?rest_route=%2Fwp%2Fv2%2Fcomments&post=414"}],"version-history":[{"count":10,"href":"https:\/\/caes.chimieparistech.psl.eu\/index.php?rest_route=\/wp\/v2\/pages\/414\/revisions"}],"predecessor-version":[{"id":635,"href":"https:\/\/caes.chimieparistech.psl.eu\/index.php?rest_route=\/wp\/v2\/pages\/414\/revisions\/635"}],"up":[{"embeddable":true,"href":"https:\/\/caes.chimieparistech.psl.eu\/index.php?rest_route=\/wp\/v2\/pages\/113"}],"wp:attachment":[{"href":"https:\/\/caes.chimieparistech.psl.eu\/index.php?rest_route=%2Fwp%2Fv2%2Fmedia&parent=414"}],"curies":[{"name":"wp","href":"https:\/\/api.w.org\/{rel}","templated":true}]}}