{"id":40,"date":"2014-05-02T08:52:04","date_gmt":"2014-05-02T07:52:04","guid":{"rendered":"https:\/\/caes.chimie-paristech.fr\/?page_id=40"},"modified":"2019-08-30T18:01:32","modified_gmt":"2019-08-30T17:01:32","slug":"cheque-culture","status":"publish","type":"page","link":"https:\/\/caes.chimieparistech.psl.eu\/?page_id=40","title":{"rendered":"Ch\u00e8ques Culture et ch\u00e8ques BEST"},"content":{"rendered":"<p>En plus d&rsquo;un moyen de paiement pour les achats de livres, disques et produits num\u00e9riques, Les <strong>Ch\u00e8ques-Culture sont utilisables pour payer de nombreux spectacles<\/strong> (th\u00e9\u00e2tre, cirque, sons et lumi\u00e8res, etc&#8230;), des <strong>concerts<\/strong>, des entr\u00e9es \u00e0 des <strong>mus\u00e9es<\/strong> ou \u00e0 des <strong>monuments<\/strong>.\u00a0 L&rsquo;utilisation du ch\u00e8que se fait directement \u00e0 la caisse ou par une billetterie (Fnac et Casino par exemple).<\/p>\n<h5><strong>Voici le lien du site pour les ch\u00e8ques cultures afin que vous puissiez rechercher les partenaires nationaux ou proches de chez vous. Ce site est tr\u00e8s bien fait !!<br \/>\n<\/strong><\/h5>\n<h4><a href=\"http:\/\/www.cheques-cadeaux-culturels.com\/cheque-culture.html\"><span style=\"color: #3366ff;\">http:\/\/www.cheques-cadeaux-culturels.com\/cheque-culture.html<\/span><\/a><\/h4>\n<h4><\/h4>\n<h4 style=\"text-align: center;\">Valeur du ch\u00e8que culture \u00e0 l&rsquo;unit\u00e9\u00a0: 20 \u20ac<\/h4>\n<h4 style=\"text-align: center;\">Prix de vente CAES :<\/h4>\n<h2 style=\"text-align: center;\"><span style=\"color: #ff0000;\">14 \u20ac en tarif A<\/span><\/h2>\n<h2 style=\"text-align: center;\"><span style=\"color: #ff0000;\"> <strong>16 \u20ac en tarif B\u00a0<\/strong><\/span><\/h2>\n<p><span style=\"color: #000000;\"><strong>Limit\u00e9\u00a0\u00e0 2 ch\u00e8ques par mois et par personne.<\/strong><\/span><\/p>\n<p>Tarif A : personnels r\u00e9mun\u00e9r\u00e9s par l&rsquo;ENSCP<\/p>\n<p>Tarif B : personnels non r\u00e9mun\u00e9r\u00e9s par l&rsquo;ENSCP<\/p>\n","protected":false},"excerpt":{"rendered":"<p>En plus d&rsquo;un moyen de paiement pour les achats de livres, disques et produits num\u00e9riques, Les Ch\u00e8ques-Culture sont utilisables pour payer de nombreux spectacles (th\u00e9\u00e2tre, cirque, sons et lumi\u00e8res, etc&#8230;), des concerts, des entr\u00e9es \u00e0 des mus\u00e9es ou \u00e0 des monuments.\u00a0 L&rsquo;utilisation du ch\u00e8que se fait directement \u00e0 la caisse ou par une billetterie (Fnac\u2026 <span class=\"read-more\"><a href=\"https:\/\/caes.chimieparistech.psl.eu\/?page_id=40\">Read More &raquo;<\/a><\/span><\/p>\n","protected":false},"author":1,"featured_media":0,"parent":113,"menu_order":0,"comment_status":"closed","ping_status":"closed","template":"","meta":{"footnotes":""},"class_list":["post-40","page","type-page","status-publish","hentry"],"_links":{"self":[{"href":"https:\/\/caes.chimieparistech.psl.eu\/index.php?rest_route=\/wp\/v2\/pages\/40","targetHints":{"allow":["GET"]}}],"collection":[{"href":"https:\/\/caes.chimieparistech.psl.eu\/index.php?rest_route=\/wp\/v2\/pages"}],"about":[{"href":"https:\/\/caes.chimieparistech.psl.eu\/index.php?rest_route=\/wp\/v2\/types\/page"}],"author":[{"embeddable":true,"href":"https:\/\/caes.chimieparistech.psl.eu\/index.php?rest_route=\/wp\/v2\/users\/1"}],"replies":[{"embeddable":true,"href":"https:\/\/caes.chimieparistech.psl.eu\/index.php?rest_route=%2Fwp%2Fv2%2Fcomments&post=40"}],"version-history":[{"count":25,"href":"https:\/\/caes.chimieparistech.psl.eu\/index.php?rest_route=\/wp\/v2\/pages\/40\/revisions"}],"predecessor-version":[{"id":874,"href":"https:\/\/caes.chimieparistech.psl.eu\/index.php?rest_route=\/wp\/v2\/pages\/40\/revisions\/874"}],"up":[{"embeddable":true,"href":"https:\/\/caes.chimieparistech.psl.eu\/index.php?rest_route=\/wp\/v2\/pages\/113"}],"wp:attachment":[{"href":"https:\/\/caes.chimieparistech.psl.eu\/index.php?rest_route=%2Fwp%2Fv2%2Fmedia&parent=40"}],"curies":[{"name":"wp","href":"https:\/\/api.w.org\/{rel}","templated":true}]}}