{"id":277,"date":"2014-05-23T16:20:17","date_gmt":"2014-05-23T15:20:17","guid":{"rendered":"https:\/\/caes.chimie-paristech.fr\/?page_id=277"},"modified":"2016-09-06T20:53:13","modified_gmt":"2016-09-06T19:53:13","slug":"organismes-partenaires","status":"publish","type":"page","link":"https:\/\/caes.chimieparistech.psl.eu\/?page_id=277","title":{"rendered":"Organismes partenaires"},"content":{"rendered":"<p style=\"text-align: left;\"><a href=\"https:\/\/caes.chimie-paristech.fr\/wp-content\/uploads\/2014\/05\/odalys.jpg\"><img loading=\"lazy\" decoding=\"async\" class=\" wp-image-279\" src=\"https:\/\/caes.chimie-paristech.fr\/wp-content\/uploads\/2014\/05\/odalys.jpg\" alt=\"odalys\" width=\"166\" height=\"70\" \/><\/a><\/p>\n<p style=\"text-align: justify;\">Cet organisme propose des locations partout en France mais aussi en Corse, en Espagne, en Italie et en Croatie.\u00a0Plusieurs formules d&rsquo;h\u00e9bergement vous sont propos\u00e9es : villas, mobil-home, h\u00f4tels&#8230;<\/p>\n<p style=\"text-align: justify;\">La brochure <strong>Printemps-Et\u00e9 2015<\/strong>\u00a0est consultable et t\u00e9l\u00e9chargeable sur le site\u00a0 <a href=\"http:\/\/www.odalys-vacances.com\/\">http:\/\/www.odalys-vacances.com\/<\/a>.<\/p>\n<p style=\"text-align: justify;\">Un catalogue\u00a0papier est \u00e9galement consultable lors des permanences ainsi que de nombreuses\u00a0offres promotionnelles.<\/p>\n<p style=\"text-align: justify;\"><strong>10%<\/strong> <strong>de r\u00e9duction\u00a0<\/strong>sont accord\u00e9s\u00a0avec le<strong> code 75ENSCP<\/strong> cumulables avec les remises de la brochure soit jusqu&rsquo;\u00e0 28% de r\u00e9duction.<\/p>\n<address style=\"text-align: justify;\">\u00a0<\/address>\n","protected":false},"excerpt":{"rendered":"<p>Cet organisme propose des locations partout en France mais aussi en Corse, en Espagne, en Italie et en Croatie.\u00a0Plusieurs formules d&rsquo;h\u00e9bergement vous sont propos\u00e9es : villas, mobil-home, h\u00f4tels&#8230; La brochure Printemps-Et\u00e9 2015\u00a0est consultable et t\u00e9l\u00e9chargeable sur le site\u00a0 http:\/\/www.odalys-vacances.com\/. Un catalogue\u00a0papier est \u00e9galement consultable lors des permanences ainsi que de nombreuses\u00a0offres promotionnelles. 10% de r\u00e9duction\u00a0sont\u2026 <span class=\"read-more\"><a href=\"https:\/\/caes.chimieparistech.psl.eu\/?page_id=277\">Read More &raquo;<\/a><\/span><\/p>\n","protected":false},"author":1,"featured_media":0,"parent":0,"menu_order":0,"comment_status":"closed","ping_status":"closed","template":"","meta":{"footnotes":""},"class_list":["post-277","page","type-page","status-publish","hentry"],"_links":{"self":[{"href":"https:\/\/caes.chimieparistech.psl.eu\/index.php?rest_route=\/wp\/v2\/pages\/277","targetHints":{"allow":["GET"]}}],"collection":[{"href":"https:\/\/caes.chimieparistech.psl.eu\/index.php?rest_route=\/wp\/v2\/pages"}],"about":[{"href":"https:\/\/caes.chimieparistech.psl.eu\/index.php?rest_route=\/wp\/v2\/types\/page"}],"author":[{"embeddable":true,"href":"https:\/\/caes.chimieparistech.psl.eu\/index.php?rest_route=\/wp\/v2\/users\/1"}],"replies":[{"embeddable":true,"href":"https:\/\/caes.chimieparistech.psl.eu\/index.php?rest_route=%2Fwp%2Fv2%2Fcomments&post=277"}],"version-history":[{"count":27,"href":"https:\/\/caes.chimieparistech.psl.eu\/index.php?rest_route=\/wp\/v2\/pages\/277\/revisions"}],"predecessor-version":[{"id":722,"href":"https:\/\/caes.chimieparistech.psl.eu\/index.php?rest_route=\/wp\/v2\/pages\/277\/revisions\/722"}],"wp:attachment":[{"href":"https:\/\/caes.chimieparistech.psl.eu\/index.php?rest_route=%2Fwp%2Fv2%2Fmedia&parent=277"}],"curies":[{"name":"wp","href":"https:\/\/api.w.org\/{rel}","templated":true}]}}