{"id":236,"date":"2014-05-22T15:11:08","date_gmt":"2014-05-22T14:11:08","guid":{"rendered":"https:\/\/caes.chimie-paristech.fr\/?page_id=236"},"modified":"2019-09-02T08:24:59","modified_gmt":"2019-09-02T07:24:59","slug":"organigramme","status":"publish","type":"page","link":"https:\/\/caes.chimieparistech.psl.eu\/?page_id=236","title":{"rendered":"Organigramme"},"content":{"rendered":"<p>Lors de l&rsquo;AG du 12 mars 2018, les membres du Bureau du CAES ont \u00e9t\u00e9 r\u00e9\u00e9lus dans leurs fonctions :<\/p>\n<ul>\n<li>Didier Journaux et Peggy Marie, tr\u00e9sorier et tr\u00e9sori\u00e8re-adjointe<\/li>\n<li>Ali Eskandari et S\u00e9bastiana Bertran, secr\u00e9taire et secr\u00e9taire-adjointe<\/li>\n<li>Odile Maj\u00e9rus, pr\u00e9sidente<\/li>\n<\/ul>\n\n\n<p><\/p>\n","protected":false},"excerpt":{"rendered":"<p>Lors de l&rsquo;AG du 12 mars 2018, les membres du Bureau du CAES ont \u00e9t\u00e9 r\u00e9\u00e9lus dans leurs fonctions : Didier Journaux et Peggy Marie, tr\u00e9sorier et tr\u00e9sori\u00e8re-adjointe Ali Eskandari et S\u00e9bastiana Bertran, secr\u00e9taire et secr\u00e9taire-adjointe Odile Maj\u00e9rus, pr\u00e9sidente<\/p>\n","protected":false},"author":1,"featured_media":0,"parent":0,"menu_order":0,"comment_status":"closed","ping_status":"closed","template":"","meta":{"footnotes":""},"class_list":["post-236","page","type-page","status-publish","hentry"],"_links":{"self":[{"href":"https:\/\/caes.chimieparistech.psl.eu\/index.php?rest_route=\/wp\/v2\/pages\/236","targetHints":{"allow":["GET"]}}],"collection":[{"href":"https:\/\/caes.chimieparistech.psl.eu\/index.php?rest_route=\/wp\/v2\/pages"}],"about":[{"href":"https:\/\/caes.chimieparistech.psl.eu\/index.php?rest_route=\/wp\/v2\/types\/page"}],"author":[{"embeddable":true,"href":"https:\/\/caes.chimieparistech.psl.eu\/index.php?rest_route=\/wp\/v2\/users\/1"}],"replies":[{"embeddable":true,"href":"https:\/\/caes.chimieparistech.psl.eu\/index.php?rest_route=%2Fwp%2Fv2%2Fcomments&post=236"}],"version-history":[{"count":27,"href":"https:\/\/caes.chimieparistech.psl.eu\/index.php?rest_route=\/wp\/v2\/pages\/236\/revisions"}],"predecessor-version":[{"id":878,"href":"https:\/\/caes.chimieparistech.psl.eu\/index.php?rest_route=\/wp\/v2\/pages\/236\/revisions\/878"}],"wp:attachment":[{"href":"https:\/\/caes.chimieparistech.psl.eu\/index.php?rest_route=%2Fwp%2Fv2%2Fmedia&parent=236"}],"curies":[{"name":"wp","href":"https:\/\/api.w.org\/{rel}","templated":true}]}}