{"id":155,"date":"2014-05-13T08:54:37","date_gmt":"2014-05-13T07:54:37","guid":{"rendered":"https:\/\/caes.chimie-paristech.fr\/?page_id=155"},"modified":"2019-08-30T17:55:27","modified_gmt":"2019-08-30T16:55:27","slug":"cinema-2","status":"publish","type":"page","link":"https:\/\/caes.chimieparistech.psl.eu\/?page_id=155","title":{"rendered":"Billetterie Cin\u00e9ma"},"content":{"rendered":"<p><span style=\"color: #000000;\"><strong>Limit\u00e9e \u00e0 4 places par mois et par personne.<\/strong><\/span><\/p>\n<table width=\"0\">\n<tbody>\n<tr>\n<td width=\"141\">\n<p>Cin\u00e9mas<\/p>\n<\/td>\n<td width=\"107\">\n<p style=\"text-align: center;\">Tarif d&rsquo;achat<\/p>\n<\/td>\n<td style=\"text-align: center;\" width=\"111\">\n<p>Tarif A<\/p>\n<\/td>\n<td width=\"82\">\n<p style=\"text-align: center;\">Tarif B<\/p>\n<\/td>\n<\/tr>\n<tr>\n<td width=\"141\">\n<p>Gaumont\/Path\u00e9<\/p>\n<\/td>\n<td width=\"107\">\n<p style=\"text-align: center;\">8,30 \u20ac<\/p>\n<\/td>\n<td style=\"text-align: center;\" width=\"111\">\n<p>5,0 \u20ac<\/p>\n<\/td>\n<td width=\"82\">\n<p style=\"text-align: center;\">6,5 \u20ac<\/p>\n<\/td>\n<\/tr>\n<tr>\n<td width=\"141\">\n<p>UGC<\/p>\n<\/td>\n<td width=\"107\">\n<p style=\"text-align: center;\">7,20 \u20ac<\/p>\n<\/td>\n<td style=\"text-align: center;\" width=\"111\">\n<p>4,5 \u20ac<\/p>\n<\/td>\n<td width=\"82\">\n<p style=\"text-align: center;\">6,0 \u20ac<\/p>\n<\/td>\n<\/tr>\n<tr>\n<td width=\"141\">\n<p>MK2<\/p>\n<\/td>\n<td width=\"107\">\n<p style=\"text-align: center;\">7,20 \u20ac<\/p>\n<\/td>\n<td style=\"text-align: center;\" width=\"111\">\n<p>4,5 \u20ac<\/p>\n<\/td>\n<td width=\"82\">\n<p style=\"text-align: center;\">6,0 \u20ac<\/p>\n<\/td>\n<\/tr>\n<\/tbody>\n<\/table>\n<h4><span style=\"color: #ff0000;\">Tarif A : les personnels r\u00e9mun\u00e9r\u00e9s par l&rsquo;ENSCP<\/span><\/h4>\n<h4><span style=\"color: #ff0000;\">Tarif B : les personnels non r\u00e9mun\u00e9r\u00e9s par l&rsquo;ENSCP<\/span><\/h4>\n\n\n<p><\/p>\n","protected":false},"excerpt":{"rendered":"<p>Limit\u00e9e \u00e0 4 places par mois et par personne. Cin\u00e9mas Tarif d&rsquo;achat Tarif A Tarif B Gaumont\/Path\u00e9 8,30 \u20ac 5,0 \u20ac 6,5 \u20ac UGC 7,20 \u20ac 4,5 \u20ac 6,0 \u20ac MK2 7,20 \u20ac 4,5 \u20ac 6,0 \u20ac Tarif A : les personnels r\u00e9mun\u00e9r\u00e9s par l&rsquo;ENSCP Tarif B : les personnels non r\u00e9mun\u00e9r\u00e9s par l&rsquo;ENSCP<\/p>\n","protected":false},"author":1,"featured_media":0,"parent":113,"menu_order":0,"comment_status":"closed","ping_status":"closed","template":"","meta":{"footnotes":""},"class_list":["post-155","page","type-page","status-publish","hentry"],"_links":{"self":[{"href":"https:\/\/caes.chimieparistech.psl.eu\/index.php?rest_route=\/wp\/v2\/pages\/155","targetHints":{"allow":["GET"]}}],"collection":[{"href":"https:\/\/caes.chimieparistech.psl.eu\/index.php?rest_route=\/wp\/v2\/pages"}],"about":[{"href":"https:\/\/caes.chimieparistech.psl.eu\/index.php?rest_route=\/wp\/v2\/types\/page"}],"author":[{"embeddable":true,"href":"https:\/\/caes.chimieparistech.psl.eu\/index.php?rest_route=\/wp\/v2\/users\/1"}],"replies":[{"embeddable":true,"href":"https:\/\/caes.chimieparistech.psl.eu\/index.php?rest_route=%2Fwp%2Fv2%2Fcomments&post=155"}],"version-history":[{"count":40,"href":"https:\/\/caes.chimieparistech.psl.eu\/index.php?rest_route=\/wp\/v2\/pages\/155\/revisions"}],"predecessor-version":[{"id":869,"href":"https:\/\/caes.chimieparistech.psl.eu\/index.php?rest_route=\/wp\/v2\/pages\/155\/revisions\/869"}],"up":[{"embeddable":true,"href":"https:\/\/caes.chimieparistech.psl.eu\/index.php?rest_route=\/wp\/v2\/pages\/113"}],"wp:attachment":[{"href":"https:\/\/caes.chimieparistech.psl.eu\/index.php?rest_route=%2Fwp%2Fv2%2Fmedia&parent=155"}],"curies":[{"name":"wp","href":"https:\/\/api.w.org\/{rel}","templated":true}]}}