{"id":142,"date":"2014-05-12T22:43:13","date_gmt":"2014-05-12T21:43:13","guid":{"rendered":"https:\/\/caes.chimie-paristech.fr\/?page_id=142"},"modified":"2019-12-02T10:02:47","modified_gmt":"2019-12-02T09:02:47","slug":"promoparcs-com","status":"publish","type":"page","link":"https:\/\/caes.chimieparistech.psl.eu\/?page_id=142","title":{"rendered":"Billetterie Parcs"},"content":{"rendered":"<p><a href=\"https:\/\/caes.chimie-paristech.fr\/wp-content\/uploads\/2014\/05\/promoparcs.jpg\"><img loading=\"lazy\" decoding=\"async\" class=\"alignleft wp-image-150\" src=\"https:\/\/caes.chimie-paristech.fr\/wp-content\/uploads\/2014\/05\/promoparcs.jpg\" alt=\"promoparcs\" width=\"146\" height=\"101\" srcset=\"https:\/\/caes.chimieparistech.psl.eu\/wp-content\/uploads\/2014\/05\/promoparcs.jpg 282w, https:\/\/caes.chimieparistech.psl.eu\/wp-content\/uploads\/2014\/05\/promoparcs-200x140.jpg 200w\" sizes=\"auto, (max-width: 146px) 100vw, 146px\" \/><\/a><\/p>\n<p style=\"text-align: justify;\">Le CAES a choisi comme partenaire Promoparcs.com afin de faire b\u00e9n\u00e9ficier les personnels de l&rsquo;\u00e9cole des tarifs CE et d&rsquo;offres sp\u00e9ciales dans les plus grands parcs d&rsquo;attractions et sites de loisirs en France et en Europe (Disneyland Paris, Europa Park, Futuroscope&#8230;), dans quelques mus\u00e9es (Gr\u00e9vin&#8230;), momuments nationaux (Mont Saint-Michel, Arc de Triomphe&#8230;) et autres (Catacombes, Bateaux parisiens&#8230;).<\/p>\n<p style=\"text-align: justify;\"><em>Le CAES subventionne cette billetterie \u00e0 hauteur de 20% jusqu&rsquo;\u00e0 \u00e9puisement du budget qui est allou\u00e9 \u00e0 cette activit\u00e9, pour les personnels en<span style=\"color: #ff0000;\"> tarif A<\/span> (personnels r\u00e9mun\u00e9r\u00e9s par l&rsquo;ENSCP). La limite maximale de la subvention est de 70\u20ac par personne et par an, elle peut baisser en fonction de la demande et du budget.<\/em><\/p>\n<p>Voici l&rsquo;offre actuelle valable pour la <strong>commande group\u00e9e du 11 d\u00e9cembre 2019<\/strong> \/ <strong>Here is the current Promoparcs offer valid for the collective purchase order of Wednesday, December 11, 2019<\/strong> :<\/p>\n<p><a href=\"https:\/\/caes.chimie-paristech.fr\/wp-content\/uploads\/2019\/12\/bon-de-commande-divertissimo.pdf\">Offre Promoparcs pour le 11 d\u00e9cembre 2019<\/a><\/p>\n<p>\u00a0<\/p>\n<h3 style=\"text-align: justify;\">\u00a0<\/h3>\n\n\n<p><\/p>\n","protected":false},"excerpt":{"rendered":"<p>Le CAES a choisi comme partenaire Promoparcs.com afin de faire b\u00e9n\u00e9ficier les personnels de l&rsquo;\u00e9cole des tarifs CE et d&rsquo;offres sp\u00e9ciales dans les plus grands parcs d&rsquo;attractions et sites de loisirs en France et en Europe (Disneyland Paris, Europa Park, Futuroscope&#8230;), dans quelques mus\u00e9es (Gr\u00e9vin&#8230;), momuments nationaux (Mont Saint-Michel, Arc de Triomphe&#8230;) et autres (Catacombes,\u2026 <span class=\"read-more\"><a href=\"https:\/\/caes.chimieparistech.psl.eu\/?page_id=142\">Read More &raquo;<\/a><\/span><\/p>\n","protected":false},"author":1,"featured_media":0,"parent":113,"menu_order":0,"comment_status":"closed","ping_status":"closed","template":"","meta":{"footnotes":""},"class_list":["post-142","page","type-page","status-publish","hentry"],"_links":{"self":[{"href":"https:\/\/caes.chimieparistech.psl.eu\/index.php?rest_route=\/wp\/v2\/pages\/142","targetHints":{"allow":["GET"]}}],"collection":[{"href":"https:\/\/caes.chimieparistech.psl.eu\/index.php?rest_route=\/wp\/v2\/pages"}],"about":[{"href":"https:\/\/caes.chimieparistech.psl.eu\/index.php?rest_route=\/wp\/v2\/types\/page"}],"author":[{"embeddable":true,"href":"https:\/\/caes.chimieparistech.psl.eu\/index.php?rest_route=\/wp\/v2\/users\/1"}],"replies":[{"embeddable":true,"href":"https:\/\/caes.chimieparistech.psl.eu\/index.php?rest_route=%2Fwp%2Fv2%2Fcomments&post=142"}],"version-history":[{"count":93,"href":"https:\/\/caes.chimieparistech.psl.eu\/index.php?rest_route=\/wp\/v2\/pages\/142\/revisions"}],"predecessor-version":[{"id":901,"href":"https:\/\/caes.chimieparistech.psl.eu\/index.php?rest_route=\/wp\/v2\/pages\/142\/revisions\/901"}],"up":[{"embeddable":true,"href":"https:\/\/caes.chimieparistech.psl.eu\/index.php?rest_route=\/wp\/v2\/pages\/113"}],"wp:attachment":[{"href":"https:\/\/caes.chimieparistech.psl.eu\/index.php?rest_route=%2Fwp%2Fv2%2Fmedia&parent=142"}],"curies":[{"name":"wp","href":"https:\/\/api.w.org\/{rel}","templated":true}]}}