{"id":113,"date":"2014-05-12T21:59:55","date_gmt":"2014-05-12T20:59:55","guid":{"rendered":"https:\/\/caes.chimie-paristech.fr\/?page_id=113"},"modified":"2019-08-30T17:49:28","modified_gmt":"2019-08-30T16:49:28","slug":"culture","status":"publish","type":"page","link":"https:\/\/caes.chimieparistech.psl.eu\/?page_id=113","title":{"rendered":"Culture et Loisirs"},"content":{"rendered":"<p>Pour aider aux activit\u00e9s culturelles, sportives et de loisir, le CAES :<\/p>\n<ul>\n<li>subventionne les billets de cin\u00e9ma UGC, Gaumont et MK2 : tarifs <a href=\"https:\/\/caes.chimie-paristech.fr\/?page_id=155\">ici<\/a><\/li>\n<li>subventionne les <a href=\"https:\/\/caes.chimie-paristech.fr\/?page_id=40\">ch\u00e8ques-culture<\/a> et les ch\u00e8ques-cadeaux BEST non distribu\u00e9s et mis en vente apr\u00e8s les f\u00eates de No\u00ebl<\/li>\n<li>offre un forfait de 40 euros pour l&rsquo;adh\u00e9sion \u00e0 une activit\u00e9 annuelle de sport ou de loisir. Pour cela, venez \u00e0 une de nos permanences avec la facture de l&rsquo;adh\u00e9sion.<\/li>\n<li>subventionne \u00e0 hauteur de 20% les billets Promoparcs. Des commandes group\u00e9es sont faites environ 3 fois par an avant les vacances, et les billets sont \u00e0 retirer \u00e0 la permanence.<\/li>\n<\/ul>\n","protected":false},"excerpt":{"rendered":"<p>Pour aider aux activit\u00e9s culturelles, sportives et de loisir, le CAES : subventionne les billets de cin\u00e9ma UGC, Gaumont et MK2 : tarifs ici subventionne les ch\u00e8ques-culture et les ch\u00e8ques-cadeaux BEST non distribu\u00e9s et mis en vente apr\u00e8s les f\u00eates de No\u00ebl offre un forfait de 40 euros pour l&rsquo;adh\u00e9sion \u00e0 une activit\u00e9 annuelle de\u2026 <span class=\"read-more\"><a href=\"https:\/\/caes.chimieparistech.psl.eu\/?page_id=113\">Read More &raquo;<\/a><\/span><\/p>\n","protected":false},"author":1,"featured_media":0,"parent":0,"menu_order":0,"comment_status":"closed","ping_status":"closed","template":"","meta":{"footnotes":""},"class_list":["post-113","page","type-page","status-publish","hentry"],"_links":{"self":[{"href":"https:\/\/caes.chimieparistech.psl.eu\/index.php?rest_route=\/wp\/v2\/pages\/113","targetHints":{"allow":["GET"]}}],"collection":[{"href":"https:\/\/caes.chimieparistech.psl.eu\/index.php?rest_route=\/wp\/v2\/pages"}],"about":[{"href":"https:\/\/caes.chimieparistech.psl.eu\/index.php?rest_route=\/wp\/v2\/types\/page"}],"author":[{"embeddable":true,"href":"https:\/\/caes.chimieparistech.psl.eu\/index.php?rest_route=\/wp\/v2\/users\/1"}],"replies":[{"embeddable":true,"href":"https:\/\/caes.chimieparistech.psl.eu\/index.php?rest_route=%2Fwp%2Fv2%2Fcomments&post=113"}],"version-history":[{"count":7,"href":"https:\/\/caes.chimieparistech.psl.eu\/index.php?rest_route=\/wp\/v2\/pages\/113\/revisions"}],"predecessor-version":[{"id":867,"href":"https:\/\/caes.chimieparistech.psl.eu\/index.php?rest_route=\/wp\/v2\/pages\/113\/revisions\/867"}],"wp:attachment":[{"href":"https:\/\/caes.chimieparistech.psl.eu\/index.php?rest_route=%2Fwp%2Fv2%2Fmedia&parent=113"}],"curies":[{"name":"wp","href":"https:\/\/api.w.org\/{rel}","templated":true}]}}